{"id":18,"date":"2024-04-17T14:06:33","date_gmt":"2024-04-17T12:06:33","guid":{"rendered":"https:\/\/vorschau.business-webseiten.com\/?page_id=18"},"modified":"2024-10-15T12:24:23","modified_gmt":"2024-10-15T10:24:23","slug":"impressum","status":"publish","type":"page","link":"https:\/\/rohrreinigung-burgenland.at\/?page_id=18","title":{"rendered":"Impressum"},"content":{"rendered":"\t\t<div data-elementor-type=\"wp-page\" data-elementor-id=\"18\" class=\"elementor elementor-18\" data-elementor-post-type=\"page\">\n\t\t\t\t<div class=\"elementor-element elementor-element-235cc36 e-flex e-con-boxed e-con e-parent\" data-id=\"235cc36\" data-element_type=\"container\" data-e-type=\"container\">\n\t\t\t\t\t<div class=\"e-con-inner\">\n\t\t\t\t<div class=\"elementor-element elementor-element-73f0d55 elementor-widget elementor-widget-text-editor\" data-id=\"73f0d55\" data-element_type=\"widget\" data-e-type=\"widget\" data-widget_type=\"text-editor.default\">\n\t\t\t\t<div class=\"elementor-widget-container\">\n\t\t\t\t\t\t\t\t\t<p><strong>Impressum<\/strong><\/p><p><strong>Schubi&#8217;s Rohrreinigung<\/strong><br \/>Kirchengasse 18<br \/>7464 Markt Neuhodis<br \/>\u00d6sterreich<\/p><p><strong>Kontaktinformationen<\/strong><br \/>Telefon: +43 676 4754599<br \/>E-Mail: <a rel=\"noopener\">schubi@rohrreinigung-burgenland.at<\/a><\/p><p><strong>Vertretungsberechtigter Inhaber<\/strong><br \/>Martin Chromy<\/p><p><strong>Unternehmensgegenstand<\/strong><br \/>Rohrreinigung und Notdienst<\/p><p><strong>Beh\u00f6rde gem. ECG (E-Commerce-Gesetz)<\/strong><br \/>Bezirkshauptmannschaft Oberwart<\/p><p><strong>Berufsrechtliche Vorschriften<\/strong><br \/>Gewerbeordnung: abrufbar unter <a target=\"_new\" rel=\"noopener\">https:\/\/www.ris.bka.gv.at<\/a><\/p><p><strong>Verantwortlich f\u00fcr den Inhalt<\/strong><br \/>Martin Chromy<br \/>E-Mail: <a rel=\"noopener\">schubi@rohrreinigung-burgenland.at<\/a><\/p><p><strong>Haftungsausschluss<\/strong><br \/>Die Inhalte dieser Website wurden mit gr\u00f6\u00dftm\u00f6glicher Sorgfalt erstellt. F\u00fcr die Richtigkeit, Vollst\u00e4ndigkeit und Aktualit\u00e4t der Inhalte k\u00f6nnen wir jedoch keine Gew\u00e4hr \u00fcbernehmen. Als Dienstanbieter sind wir gem\u00e4\u00df \u00a7 7 Abs.1 TMG f\u00fcr eigene Inhalte auf diesen Seiten nach den allgemeinen Gesetzen verantwortlich.<\/p><p><strong>Streitschlichtung<\/strong><br \/>Wir sind nicht bereit oder verpflichtet, an Streitbeilegungsverfahren vor einer Verbraucherschlichtungsstelle teilzunehmen.<\/p><p><strong>Urheberrecht<\/strong><br \/>Die durch die Seitenbetreiber erstellten Inhalte und Werke auf diesen Seiten unterliegen dem Urheberrecht. Beitr\u00e4ge Dritter sind als solche gekennzeichnet. Die Vervielf\u00e4ltigung, Bearbeitung, Verbreitung und jede Art der Verwertung au\u00dferhalb der Grenzen des Urheberrechts bed\u00fcrfen der schriftlichen Zustimmung des jeweiligen Autors bzw. Erstellers.<\/p><p>\u00a0<\/p>\t\t\t\t\t\t\t\t<\/div>\n\t\t\t\t<\/div>\n\t\t\t\t\t<\/div>\n\t\t\t\t<\/div>\n\t\t\t\t<\/div>\n\t\t","protected":false},"excerpt":{"rendered":"<p>Impressum Schubi&#8217;s RohrreinigungKirchengasse 187464 Markt Neuhodis\u00d6sterreich KontaktinformationenTelefon: +43 676 4754599E-Mail: schubi@rohrreinigung-burgenland.at Vertretungsberechtigter InhaberMartin Chromy UnternehmensgegenstandRohrreinigung und Notdienst Beh\u00f6rde gem. ECG (E-Commerce-Gesetz)Bezirkshauptmannschaft Oberwart Berufsrechtliche VorschriftenGewerbeordnung: abrufbar unter https:\/\/www.ris.bka.gv.at Verantwortlich f\u00fcr den InhaltMartin ChromyE-Mail: schubi@rohrreinigung-burgenland.at HaftungsausschlussDie Inhalte dieser Website wurden mit gr\u00f6\u00dftm\u00f6glicher Sorgfalt erstellt. F\u00fcr die Richtigkeit, Vollst\u00e4ndigkeit und Aktualit\u00e4t der Inhalte k\u00f6nnen wir jedoch keine Gew\u00e4hr [&hellip;]<\/p>\n","protected":false},"author":1,"featured_media":0,"parent":0,"menu_order":0,"comment_status":"closed","ping_status":"closed","template":"","meta":{"footnotes":""},"class_list":["post-18","page","type-page","status-publish","hentry"],"yoast_head":"<!-- This site is optimized with the Yoast SEO plugin v23.6 - https:\/\/yoast.com\/wordpress\/plugins\/seo\/ -->\n<title>Impressum - Schubi&#039;s Rohrreinigung<\/title>\n<meta name=\"robots\" content=\"noindex, follow\" \/>\n<meta property=\"og:locale\" content=\"de_DE\" \/>\n<meta property=\"og:type\" content=\"article\" \/>\n<meta property=\"og:title\" content=\"Impressum - Schubi&#039;s Rohrreinigung\" \/>\n<meta property=\"og:description\" content=\"Impressum Schubi&#8217;s RohrreinigungKirchengasse 187464 Markt Neuhodis\u00d6sterreich KontaktinformationenTelefon: +43 676 4754599E-Mail: schubi@rohrreinigung-burgenland.at Vertretungsberechtigter InhaberMartin Chromy UnternehmensgegenstandRohrreinigung und Notdienst Beh\u00f6rde gem. ECG (E-Commerce-Gesetz)Bezirkshauptmannschaft Oberwart Berufsrechtliche VorschriftenGewerbeordnung: abrufbar unter https:\/\/www.ris.bka.gv.at Verantwortlich f\u00fcr den InhaltMartin ChromyE-Mail: schubi@rohrreinigung-burgenland.at HaftungsausschlussDie Inhalte dieser Website wurden mit gr\u00f6\u00dftm\u00f6glicher Sorgfalt erstellt. F\u00fcr die Richtigkeit, Vollst\u00e4ndigkeit und Aktualit\u00e4t der Inhalte k\u00f6nnen wir jedoch keine Gew\u00e4hr [&hellip;]\" \/>\n<meta property=\"og:url\" content=\"https:\/\/rohrreinigung-burgenland.at\/?page_id=18\" \/>\n<meta property=\"og:site_name\" content=\"Schubi&#039;s Rohrreinigung\" \/>\n<meta property=\"article:publisher\" content=\"https:\/\/www.facebook.com\/profile.php?id=100054545526487\" \/>\n<meta property=\"article:modified_time\" content=\"2024-10-15T10:24:23+00:00\" \/>\n<meta name=\"twitter:card\" content=\"summary_large_image\" \/>\n<meta name=\"twitter:label1\" content=\"Gesch\u00e4tzte Lesezeit\" \/>\n\t<meta name=\"twitter:data1\" content=\"1\u00a0Minute\" \/>\n<script type=\"application\/ld+json\" class=\"yoast-schema-graph\">{\"@context\":\"https:\/\/schema.org\",\"@graph\":[{\"@type\":\"WebPage\",\"@id\":\"https:\/\/rohrreinigung-burgenland.at\/?page_id=18\",\"url\":\"https:\/\/rohrreinigung-burgenland.at\/?page_id=18\",\"name\":\"Impressum - Schubi&#039;s Rohrreinigung\",\"isPartOf\":{\"@id\":\"https:\/\/rohrreinigung-burgenland.at\/#website\"},\"datePublished\":\"2024-04-17T12:06:33+00:00\",\"dateModified\":\"2024-10-15T10:24:23+00:00\",\"breadcrumb\":{\"@id\":\"https:\/\/rohrreinigung-burgenland.at\/?page_id=18#breadcrumb\"},\"inLanguage\":\"de\",\"potentialAction\":[{\"@type\":\"ReadAction\",\"target\":[\"https:\/\/rohrreinigung-burgenland.at\/?page_id=18\"]}]},{\"@type\":\"BreadcrumbList\",\"@id\":\"https:\/\/rohrreinigung-burgenland.at\/?page_id=18#breadcrumb\",\"itemListElement\":[{\"@type\":\"ListItem\",\"position\":1,\"name\":\"Startseite\",\"item\":\"https:\/\/rohrreinigung-burgenland.at\/\"},{\"@type\":\"ListItem\",\"position\":2,\"name\":\"Impressum\"}]},{\"@type\":\"WebSite\",\"@id\":\"https:\/\/rohrreinigung-burgenland.at\/#website\",\"url\":\"https:\/\/rohrreinigung-burgenland.at\/\",\"name\":\"Schubi's Rohrreinigung\",\"description\":\"Rohrreinigung Burgenland\",\"publisher\":{\"@id\":\"https:\/\/rohrreinigung-burgenland.at\/#organization\"},\"potentialAction\":[{\"@type\":\"SearchAction\",\"target\":{\"@type\":\"EntryPoint\",\"urlTemplate\":\"https:\/\/rohrreinigung-burgenland.at\/?s={search_term_string}\"},\"query-input\":{\"@type\":\"PropertyValueSpecification\",\"valueRequired\":true,\"valueName\":\"search_term_string\"}}],\"inLanguage\":\"de\"},{\"@type\":\"Organization\",\"@id\":\"https:\/\/rohrreinigung-burgenland.at\/#organization\",\"name\":\"Schubi's Rohrreinigung\",\"url\":\"https:\/\/rohrreinigung-burgenland.at\/\",\"logo\":{\"@type\":\"ImageObject\",\"inLanguage\":\"de\",\"@id\":\"https:\/\/rohrreinigung-burgenland.at\/#\/schema\/logo\/image\/\",\"url\":\"https:\/\/rohrreinigung-burgenland.at\/wp-content\/uploads\/2024\/10\/40-Chromys-060324-1-scaled.jpg\",\"contentUrl\":\"https:\/\/rohrreinigung-burgenland.at\/wp-content\/uploads\/2024\/10\/40-Chromys-060324-1-scaled.jpg\",\"width\":2560,\"height\":1708,\"caption\":\"Schubi's Rohrreinigung\"},\"image\":{\"@id\":\"https:\/\/rohrreinigung-burgenland.at\/#\/schema\/logo\/image\/\"},\"sameAs\":[\"https:\/\/www.facebook.com\/profile.php?id=100054545526487\"]}]}<\/script>\n<!-- \/ Yoast SEO plugin. -->","yoast_head_json":{"title":"Impressum - Schubi&#039;s Rohrreinigung","robots":{"index":"noindex","follow":"follow"},"og_locale":"de_DE","og_type":"article","og_title":"Impressum - Schubi&#039;s Rohrreinigung","og_description":"Impressum Schubi&#8217;s RohrreinigungKirchengasse 187464 Markt Neuhodis\u00d6sterreich KontaktinformationenTelefon: +43 676 4754599E-Mail: schubi@rohrreinigung-burgenland.at Vertretungsberechtigter InhaberMartin Chromy UnternehmensgegenstandRohrreinigung und Notdienst Beh\u00f6rde gem. ECG (E-Commerce-Gesetz)Bezirkshauptmannschaft Oberwart Berufsrechtliche VorschriftenGewerbeordnung: abrufbar unter https:\/\/www.ris.bka.gv.at Verantwortlich f\u00fcr den InhaltMartin ChromyE-Mail: schubi@rohrreinigung-burgenland.at HaftungsausschlussDie Inhalte dieser Website wurden mit gr\u00f6\u00dftm\u00f6glicher Sorgfalt erstellt. F\u00fcr die Richtigkeit, Vollst\u00e4ndigkeit und Aktualit\u00e4t der Inhalte k\u00f6nnen wir jedoch keine Gew\u00e4hr [&hellip;]","og_url":"https:\/\/rohrreinigung-burgenland.at\/?page_id=18","og_site_name":"Schubi&#039;s Rohrreinigung","article_publisher":"https:\/\/www.facebook.com\/profile.php?id=100054545526487","article_modified_time":"2024-10-15T10:24:23+00:00","twitter_card":"summary_large_image","twitter_misc":{"Gesch\u00e4tzte Lesezeit":"1\u00a0Minute"},"schema":{"@context":"https:\/\/schema.org","@graph":[{"@type":"WebPage","@id":"https:\/\/rohrreinigung-burgenland.at\/?page_id=18","url":"https:\/\/rohrreinigung-burgenland.at\/?page_id=18","name":"Impressum - Schubi&#039;s Rohrreinigung","isPartOf":{"@id":"https:\/\/rohrreinigung-burgenland.at\/#website"},"datePublished":"2024-04-17T12:06:33+00:00","dateModified":"2024-10-15T10:24:23+00:00","breadcrumb":{"@id":"https:\/\/rohrreinigung-burgenland.at\/?page_id=18#breadcrumb"},"inLanguage":"de","potentialAction":[{"@type":"ReadAction","target":["https:\/\/rohrreinigung-burgenland.at\/?page_id=18"]}]},{"@type":"BreadcrumbList","@id":"https:\/\/rohrreinigung-burgenland.at\/?page_id=18#breadcrumb","itemListElement":[{"@type":"ListItem","position":1,"name":"Startseite","item":"https:\/\/rohrreinigung-burgenland.at\/"},{"@type":"ListItem","position":2,"name":"Impressum"}]},{"@type":"WebSite","@id":"https:\/\/rohrreinigung-burgenland.at\/#website","url":"https:\/\/rohrreinigung-burgenland.at\/","name":"Schubi's Rohrreinigung","description":"Rohrreinigung Burgenland","publisher":{"@id":"https:\/\/rohrreinigung-burgenland.at\/#organization"},"potentialAction":[{"@type":"SearchAction","target":{"@type":"EntryPoint","urlTemplate":"https:\/\/rohrreinigung-burgenland.at\/?s={search_term_string}"},"query-input":{"@type":"PropertyValueSpecification","valueRequired":true,"valueName":"search_term_string"}}],"inLanguage":"de"},{"@type":"Organization","@id":"https:\/\/rohrreinigung-burgenland.at\/#organization","name":"Schubi's Rohrreinigung","url":"https:\/\/rohrreinigung-burgenland.at\/","logo":{"@type":"ImageObject","inLanguage":"de","@id":"https:\/\/rohrreinigung-burgenland.at\/#\/schema\/logo\/image\/","url":"https:\/\/rohrreinigung-burgenland.at\/wp-content\/uploads\/2024\/10\/40-Chromys-060324-1-scaled.jpg","contentUrl":"https:\/\/rohrreinigung-burgenland.at\/wp-content\/uploads\/2024\/10\/40-Chromys-060324-1-scaled.jpg","width":2560,"height":1708,"caption":"Schubi's Rohrreinigung"},"image":{"@id":"https:\/\/rohrreinigung-burgenland.at\/#\/schema\/logo\/image\/"},"sameAs":["https:\/\/www.facebook.com\/profile.php?id=100054545526487"]}]}},"_links":{"self":[{"href":"https:\/\/rohrreinigung-burgenland.at\/index.php?rest_route=\/wp\/v2\/pages\/18","targetHints":{"allow":["GET"]}}],"collection":[{"href":"https:\/\/rohrreinigung-burgenland.at\/index.php?rest_route=\/wp\/v2\/pages"}],"about":[{"href":"https:\/\/rohrreinigung-burgenland.at\/index.php?rest_route=\/wp\/v2\/types\/page"}],"author":[{"embeddable":true,"href":"https:\/\/rohrreinigung-burgenland.at\/index.php?rest_route=\/wp\/v2\/users\/1"}],"replies":[{"embeddable":true,"href":"https:\/\/rohrreinigung-burgenland.at\/index.php?rest_route=%2Fwp%2Fv2%2Fcomments&post=18"}],"version-history":[{"count":10,"href":"https:\/\/rohrreinigung-burgenland.at\/index.php?rest_route=\/wp\/v2\/pages\/18\/revisions"}],"predecessor-version":[{"id":355,"href":"https:\/\/rohrreinigung-burgenland.at\/index.php?rest_route=\/wp\/v2\/pages\/18\/revisions\/355"}],"wp:attachment":[{"href":"https:\/\/rohrreinigung-burgenland.at\/index.php?rest_route=%2Fwp%2Fv2%2Fmedia&parent=18"}],"curies":[{"name":"wp","href":"https:\/\/api.w.org\/{rel}","templated":true}]}}